{"id":43,"date":"2020-03-18T14:35:23","date_gmt":"2020-03-18T13:35:23","guid":{"rendered":"https:\/\/fccournon.com\/?page_id=43"},"modified":"2020-03-18T14:41:03","modified_gmt":"2020-03-18T13:41:03","slug":"histoire","status":"publish","type":"page","link":"https:\/\/fccournon.com\/?page_id=43","title":{"rendered":"Histoire"},"content":{"rendered":"\n<h2 class=\"has-text-align-center\"><strong>100 ans d&#8217;histoire<\/strong><\/h2>\n\n\n\n<p><strong>Ce regard historique sur notre club doit tout d&#8217;abord beaucoup de remerciements \u00e0 Lucien Coston, joueur du club, qui a compil\u00e9 plus de 3000 articles de journaux, pour produire plus de 2000 pages de souvenirs depuis 1919.<br>Le club sportif Cournonnais na\u00eet en 1919, comme nombre d&#8217;associations, &#8220;\u00e0 vocation d&#8217;exercices physiques&#8221;, \u00e0 cette \u00e9poque.<br>Avant la guerre de 39-45, le club a pour ambition la pratique &#8220;tr\u00e8s locale&#8221; du football, sport naissant en France.<br>Le club Sportif de Cournon se lie en 1937 avec une association la\u00efque (union sportive la\u00efque), cette entente donnera naissance \u00e0 l&#8217;Association Sportive Cournonnaise.<br>&nbsp;&nbsp;<br>C&#8217;est en 1948 que voit le jour le club historique de la FACC (Fratenelle&nbsp; Amicale Cournon&nbsp; Le Cendre). Cette appellation marquera longtemps le paysage r\u00e9gional et national du football, avec la figure c\u00e9l\u00e8bre de son pr\u00e9sident-maire Joseph Gardet, et de son terrain f\u00e9tiche de la Croix Pascale en plein centre bourg.<br>Le club va garder longtemps une tr\u00e8s forte empreinte locale, puis r\u00e9gionale, avec des joueurs du cru, mais aussi de bons footballeurs venus des bassins miniers voisins, notamment dans les ann\u00e9es soixante-dix. Viendront ensuite les \u00e9tudiants Clermontois, \u00e0 partir des ann\u00e9es quatre-vingt, quatre-vingt dix qui vont accompagner les joueurs banlieusards et compl\u00e9ter des \u00e9quipes de la FACC, install\u00e9es durablement et fortement dans le paysage footballistique Auvergnat !<br>Depuis une trentaine d&#8217;ann\u00e9es, Cournon s&#8217;accroche au plus haut niveau r\u00e9gional et\/ou au niveau amateur national. La FACC a m\u00eame r\u00e9ussi un passage continu de sept saisons au niveau CFA (\u00e0 l&#8217;\u00e9poque o\u00f9 ce niveau \u00e9tait r\u00e9ellement la troisi\u00e8me division nationale, le championnat actuel dit &#8220;national&#8221; n&#8217;existant alors pas).<br>Votre club repr\u00e9sente donc soixante ans de comp\u00e9titions r\u00e9gionales ou nationales et depuis&nbsp; le d\u00e9but des ann\u00e9es 1980, 23 saisons cons\u00e9cutives ou non en championnat &#8220;national&#8221;.<br>Le club a donn\u00e9 \u00e0 l&#8217;Equipe de France 7 internationaux universitaires, dont deux d&#8217;entre eux ont \u00e9t\u00e9 vice champions du monde &#8220;U&#8221;, Gilles Habault et Didier Fabry, au Mexique en 1983 et 2 entra\u00eeneurs de cette \u00e9quipe de France &#8220;U&#8221;, Jean Paul P\u00e9ron et Georges Honor\u00e9 (avec une place de huiti\u00e8me aux mondiaux de P\u00e9kin en 2001).<br>Le club de Cournon a surtout donn\u00e9 cinq de ses licenci\u00e9s au monde professionnel :<br>&nbsp;<br>Alain Casanova depuis son apprentissage professionnel \u00e0 l&#8217;INF de Vichy, d\u00e8s 1976, en passant comme gardien de but de L1 au Havre, \u00e0 Marseille, puis \u00e0 Toulouse o\u00f9 il arr\u00eate sa carri\u00e8re en 1995, &nbsp;il en est actuellement le coach de l&#8217;\u00e9quipe pro. &nbsp;Philippe Rashk\u00e9, depuis 1982, parti \u00e0 l&#8217;AS Monaco pour \u00e9voluer ensuite \u00e0 Bordeaux, Cannes, Strasbourg, Sochaux, o\u00f9 il est encore aujourd&#8217;hui membre de la cellule de recrutement du club et Ga\u00ebtan Varenne parti en 2012 \u00e0 Bastia en L1, il \u00e9volue actuellement en deuxi\u00e8me division en Isra\u00ebl.<br>&nbsp;<br>Apr\u00e8s un d\u00e9tour, eux deux, par d&#8217;autres clubs suite \u00e0 leur d\u00e9part de Cournon, Alain Ollier pour sa part, via l&#8217;AJ Auxerre a \u00e9volu\u00e9 comme joueur pro en L2 \u00e0 Montceau Les Mines et Cuiseaux Louhans, de 1979 \u00e0 1988, et Georges Honor\u00e9 lui, via, le Clermont Foot est parti pour le LOSC \u00e0 Lille comme entra\u00eeneur pro adjoint de l&#8217;\u00e9quipe professionnelle de 1988 \u00e0 1994.<br><br>Des figures marquantes,&nbsp; signant plus de dix ann\u00e9es de pr\u00e9sence au club ont marqu\u00e9 cette longue histoire &#8230; des pr\u00e9sidents : Joseph et Michel Gardet, des dirigeants : Jean Claude Espagnac, Pierre Bournel, Claude Morel, &nbsp;Baptiste Gamez, des techniciens : Pierre et Alain Ollier, Nano Faure, Georges Honor\u00e9, St\u00e9phane H\u00e9ros, Patrick Volkaert &#8230; ainsi que la longue, tr\u00e8s longue cohorte des tous ceux qui ont oeuvr\u00e9, oeuvrent encore, \u00e0 tous les niveaux &#8230;&nbsp; administratifs, dirigeants, accompagnateurs, b\u00e9n\u00e9voles du stade, joueurs, et joueuses, techniciens,&nbsp; &#8230; attendant de franchir aussi le cap des&nbsp; dix ann\u00e9es de lien, symbole de ce club attachant o\u00f9 la fid\u00e9lit\u00e9 est une valeur fondatrice !<\/strong><\/p>\n\n\n<p><!--EndFragment--><\/p>\n<p><\/p>","protected":false},"excerpt":{"rendered":"<p>100 ans d&#8217;histoire Ce regard historique sur notre club doit tout d&#8217;abord beaucoup de remerciements \u00e0 Lucien Coston, joueur du club, qui a compil\u00e9 plus de 3000 articles de journaux, pour produire plus de 2000 pages de souvenirs depuis 1919.Le club sportif Cournonnais na\u00eet en 1919, comme nombre d&#8217;associations, &#8220;\u00e0 vocation d&#8217;exercices physiques&#8221;, \u00e0 cette [&hellip;]<\/p>\n","protected":false},"author":1,"featured_media":0,"parent":0,"menu_order":0,"comment_status":"closed","ping_status":"closed","template":"","meta":{"footnotes":""},"class_list":["post-43","page","type-page","status-publish","hentry"],"_links":{"self":[{"href":"https:\/\/fccournon.com\/index.php?rest_route=\/wp\/v2\/pages\/43","targetHints":{"allow":["GET"]}}],"collection":[{"href":"https:\/\/fccournon.com\/index.php?rest_route=\/wp\/v2\/pages"}],"about":[{"href":"https:\/\/fccournon.com\/index.php?rest_route=\/wp\/v2\/types\/page"}],"author":[{"embeddable":true,"href":"https:\/\/fccournon.com\/index.php?rest_route=\/wp\/v2\/users\/1"}],"replies":[{"embeddable":true,"href":"https:\/\/fccournon.com\/index.php?rest_route=%2Fwp%2Fv2%2Fcomments&post=43"}],"version-history":[{"count":2,"href":"https:\/\/fccournon.com\/index.php?rest_route=\/wp\/v2\/pages\/43\/revisions"}],"predecessor-version":[{"id":55,"href":"https:\/\/fccournon.com\/index.php?rest_route=\/wp\/v2\/pages\/43\/revisions\/55"}],"wp:attachment":[{"href":"https:\/\/fccournon.com\/index.php?rest_route=%2Fwp%2Fv2%2Fmedia&parent=43"}],"curies":[{"name":"wp","href":"https:\/\/api.w.org\/{rel}","templated":true}]}}