{"id":41,"date":"2020-03-18T14:34:39","date_gmt":"2020-03-18T13:34:39","guid":{"rendered":"https:\/\/fccournon.com\/?page_id=41"},"modified":"2020-03-18T14:34:40","modified_gmt":"2020-03-18T13:34:40","slug":"palmares-du-club","status":"publish","type":"page","link":"https:\/\/fccournon.com\/?page_id=41","title":{"rendered":"Palmar\u00e8s du Club"},"content":{"rendered":"\n<h1 class=\"wp-block-heading\">De l&#8217;Origine a nos jours<\/h1>\n\n\n\n<p><strong>Les CHAMPIONNATS<\/strong><br><br>Champion du PUY de DOME : 2eme&nbsp;division de District: 1949\/1950<br>Champion du PUY de DOME : 1re&nbsp;division de District: 1951\/1952<br>Champion d&#8217;AUVERGNE : &nbsp;Promotion d&#8217;Honneur: 1958\/1959<br>Champion d&#8217;AUVERGNE HONNEUR : (7 fois) : 1964\/1965 &#8211; 1971\/1972 &#8211; 1977\/1978 &#8211; 1995\/1996 &#8211; 2004\/2005 &#8211; 2008\/2009 &#8211; 2013\/2014<br>Participation au&nbsp;Championnat de France 3e&nbsp;Division&nbsp;: 8 saisons 1972\/1973 &#8211; 1978\/1979 &#8211; 1979\/1980 &#8211; 1980\/1981 &#8211; 1981\/1982 &#8211; 1982\/1983 &#8211; 1983\/1984 &#8211; 1984\/1985<br>Participation au&nbsp;Championnat de France 4e&nbsp;Division&nbsp;: &nbsp;8 saisons 1985\/1986 &#8211; 1986\/1987 &#8211; 1988\/1989 &#8211; 1989\/1990 &#8211; 1990\/1991 &#8211; 1991\/1992 &#8211; 1992\/1993 &#8211; 1996\/1997<br>Participation au&nbsp;Championnat de France Amateurs 2 (CFA2)&nbsp;: 8 saisons 1997\/1998 &#8211; 1998\/1999 &#8211; 2004\/2005 &#8211; 2009\/2010 &#8211; 2010\/2011 &#8211; 2011\/2012 &#8211; 2012\/2013 &#8211; 2014\/2015 &#8211; 2015\/2016<br><br><strong>COUPE de FRANCE<\/strong><\/p>\n\n\n\n<p><br>1961 : 32e de finale : FACC &#8211; Girondins de BORDEAUX<br>1968 : 64e de finale : FACC &#8211; Bataillon de JOINVILLE<br>1978 : 5e tour : FACC &#8211; La Paillade de MONTPELLIER<br>1980 : 6e tour : FACC &#8211; GRENOBLE<br>1990 : 8e tour : FACC &#8211; GUEUGNON<br>1993 : 8e tour : FACC -ALES<br>2005 : 32e de finale : FCCA -NANTES<br>2007 : 8e tour : BAYONNE &#8211; FCCA (retour en images&nbsp;cliquez ici!!)<\/p>\n\n\n\n<p>2013 : 7\u00e8 tour : FCCA-MOULINS \u00e9limin\u00e9 aux tirs au but<br><br><strong>Coupe de la LIGUE d&#8217;AUVERGNE<\/strong><\/p>\n\n\n\n<p>Vainqueur en 2003<br>Vainqueur en 2004<br><br><strong>Coupe SENIQUETTE<\/strong><br><br>Vainqueur en 2005&nbsp;<\/p>\n\n\n\n<p><strong>FAITS MARQUANTS<\/strong><\/p>\n\n\n\n<p>1982\/1983 : CFA 5\u00e8me au classement final (2\u00e8me \u00e9quipe amateur derri\u00e8re Montceau Les Mines qui acc\u00e8de en Ligue 2 et derri\u00e8re 3 r\u00e9serves professionnelles (St Etienne, Auxerre et INF Vichy)<\/p>\n\n\n\n<p>2008\/2009 : Triple accessions Seniors A,B, et C en CFA 2, DH et DHR<br>2011\/2012 : CFA2 6 \u00e8me au classement final<br><strong>2014\/2015 : CFA2 Maintien pour la saison 2015-2016 &#8211; DHR Champion d&#8217;Auvergne &#8211; U19DH Champion d&#8217;Auvergne et accession en U19 National<\/strong><br><\/p>\n\n\n<p><!--EndFragment--><br>\n<br>\n<\/p>","protected":false},"excerpt":{"rendered":"<p>De l&#8217;Origine a nos jours Les CHAMPIONNATS Champion du PUY de DOME : 2eme&nbsp;division de District: 1949\/1950Champion du PUY de DOME : 1re&nbsp;division de District: 1951\/1952Champion d&#8217;AUVERGNE : &nbsp;Promotion d&#8217;Honneur: 1958\/1959Champion d&#8217;AUVERGNE HONNEUR : (7 fois) : 1964\/1965 &#8211; 1971\/1972 &#8211; 1977\/1978 &#8211; 1995\/1996 &#8211; 2004\/2005 &#8211; 2008\/2009 &#8211; 2013\/2014Participation au&nbsp;Championnat de France 3e&nbsp;Division&nbsp;: 8 [&hellip;]<\/p>\n","protected":false},"author":1,"featured_media":0,"parent":0,"menu_order":0,"comment_status":"closed","ping_status":"closed","template":"","meta":{"footnotes":""},"class_list":["post-41","page","type-page","status-publish","hentry"],"_links":{"self":[{"href":"https:\/\/fccournon.com\/index.php?rest_route=\/wp\/v2\/pages\/41","targetHints":{"allow":["GET"]}}],"collection":[{"href":"https:\/\/fccournon.com\/index.php?rest_route=\/wp\/v2\/pages"}],"about":[{"href":"https:\/\/fccournon.com\/index.php?rest_route=\/wp\/v2\/types\/page"}],"author":[{"embeddable":true,"href":"https:\/\/fccournon.com\/index.php?rest_route=\/wp\/v2\/users\/1"}],"replies":[{"embeddable":true,"href":"https:\/\/fccournon.com\/index.php?rest_route=%2Fwp%2Fv2%2Fcomments&post=41"}],"version-history":[{"count":1,"href":"https:\/\/fccournon.com\/index.php?rest_route=\/wp\/v2\/pages\/41\/revisions"}],"predecessor-version":[{"id":42,"href":"https:\/\/fccournon.com\/index.php?rest_route=\/wp\/v2\/pages\/41\/revisions\/42"}],"wp:attachment":[{"href":"https:\/\/fccournon.com\/index.php?rest_route=%2Fwp%2Fv2%2Fmedia&parent=41"}],"curies":[{"name":"wp","href":"https:\/\/api.w.org\/{rel}","templated":true}]}}